{"id":4883,"date":"2020-11-24T17:02:54","date_gmt":"2020-11-24T20:02:54","guid":{"rendered":"http:\/\/sharppress.com.ar\/index.php\/sharp-aquos-board-pn-c705b-copy\/"},"modified":"2020-12-22T11:21:13","modified_gmt":"2020-12-22T14:21:13","slug":"sharp-aquos-board-pn-c805b","status":"publish","type":"page","link":"https:\/\/sharppress.com.ar\/index.php\/sharp-aquos-board-pn-c805b\/","title":{"rendered":"Sharp AQUOS BOARD \u2013 PN-C805B"},"content":{"rendered":"<p>[vc_row full_width=&#8221;stretch_row&#8221; el_id=&#8221;rs-faq&#8221; css=&#8221;.vc_custom_1505540764532{padding-top: 65px !important;padding-bottom: 65px !important;background-color: #f9f9f9 !important;}&#8221;][vc_column width=&#8221;1\/2&#8243; css=&#8221;.vc_custom_1603993923463{padding-right: 65px !important;}&#8221;]\r\n        <div class=\"sec-title  vc_custom_1606248271045 \">         \r\n            <h4 style=\"color:#e60012\">SHARP<\/h4>             \r\n            <h3 style=\"color:\">AQUOS BOARD PN-C805B<\/h3>        \r\n        <\/div>[vc_gallery interval=&#8221;3&#8243; images=&#8221;4885,4886,4887&#8243; img_size=&#8221;full&#8221;][\/vc_column][vc_column width=&#8221;1\/2&#8243;][vc_tta_accordion style=&#8221;outline&#8221; c_icon=&#8221;&#8221; active_section=&#8221;1&#8243;][vc_tta_section title=&#8221;DESCRIPCI\u00d3N&#8221; tab_id=&#8221;1603720704029-0b94059c-419a&#8221;][vc_column_text]<\/p>\n<div class=\"col-50\">\n<p>Ahora es f\u00e1cil involucrar e inspirar a todos en la sala. Con el sistema de pantalla interactiva Sharp PN-C805B AQUOS BOARD\u00ae, tiene el punto focal ideal para reuniones, presentaciones o lecciones. La tecnolog\u00eda de uni\u00f3n directa hace que la pantalla t\u00e1ctil se sienta y parezca incre\u00edblemente natural. El software inteligente y conveniente SHARP Pen permite compartir informaci\u00f3n en tiempo real. Gracias a la sensibilidad multit\u00e1ctil, hasta cuatro personas pueden escribir libremente en la pantalla al mismo tiempo para intercambios efectivos y animados. Y los pr\u00e1cticos botones de acceso frontal permiten una operaci\u00f3n r\u00e1pida de funciones comunes. Con una pantalla interactiva PN-C805B, es f\u00e1cil crear, aprender y compartir de manera m\u00e1s efectiva.<\/p>\n<\/div>\n<p>[\/vc_column_text][\/vc_tta_section][vc_tta_section title=&#8221;ESPECIFICACIONES&#8221; tab_id=&#8221;1603890145136-2ec28b15-d5b0&#8243;][vc_column_text]<\/p>\n<ul class=\"list-keyfeatures\">\n<li class=\"list-group-item\">Sistema de pantalla interactiva de clase 80 \u2033 (80 \u2033 en diagonal).<\/li>\n<li class=\"list-group-item\">Multiusuario: hasta 4 usuarios simult\u00e1neos.<\/li>\n<li class=\"list-group-item\">Software SHARP Display Connect incluido para una f\u00e1cil conectividad con dispositivos m\u00f3viles.<\/li>\n<li class=\"list-group-item\">El software SHARP Touch Viewer \u2122 proporciona una f\u00e1cil manipulaci\u00f3n de varios tipos de archivos **.<\/li>\n<li class=\"list-group-item\">Brillante pantalla LED de alta definici\u00f3n (1920 x 1080) con iluminaci\u00f3n de borde.<\/li>\n<li class=\"list-group-item\">Pantalla multit\u00e1ctil de 10 puntos.<\/li>\n<li class=\"list-group-item\">Sistema de audio est\u00e9reo integrado de 10 W por canal.<\/li>\n<li class=\"list-group-item\">Tecnolog\u00eda de uni\u00f3n directa para un tacto suave y una visibilidad clara.<\/li>\n<li class=\"list-group-item\">Superficie de escritura mejorada con resistencia mejorada a las huellas dactilares y a los ara\u00f1azos.<\/li>\n<\/ul>\n<p>[\/vc_column_text][\/vc_tta_section][\/vc_tta_accordion][\/vc_column][\/vc_row][vc_row full_width=&#8221;stretch_row&#8221; parallax=&#8221;content-moving&#8221; parallax_image=&#8221;2819&#8243; el_class=&#8221;rs-newsletter&#8221; css=&#8221;.vc_custom_1515746612081{padding-top: 60px !important;padding-bottom: 65px !important;background-image: url(http:\/\/keenitsolution.com\/products\/wordpress\/grassy\/\/wp-content\/uploads\/2017\/08\/bg1.jpg?id=467) !important;}&#8221;][vc_column][vc_column_text]<\/p>\n<h3>\u00bfQuer\u00e9s m\u00e1s informaci\u00f3n?<\/h3>\n<p>Recib\u00ed el PDF con m\u00e1s detalles sobre este producto.<\/p>\n<p><p class=\"wpcf7-contact-form-not-found\"><strong>Error:<\/strong> Formulario de contacto no encontrado.<\/p>[\/vc_column_text][\/vc_column][\/vc_row][vc_row full_width=&#8221;stretch_row&#8221; el_id=&#8221;rs-cta&#8221; el_class=&#8221;rs-cta&#8221; css=&#8221;.vc_custom_1511349801905{padding-top: 30px !important;padding-bottom: 35px !important;}&#8221;][vc_column width=&#8221;2\/3&#8243;][vc_custom_heading text=&#8221;\u00a1CONSULTANOS AHORA DESDE AC\u00c1!&#8221; font_container=&#8221;tag:h2|font_size:36px|text_align:left|color:%23ffffff&#8221; google_fonts=&#8221;font_family:Open%20Sans%3A300%2C300italic%2Cregular%2Citalic%2C600%2C600italic%2C700%2C700italic%2C800%2C800italic|font_style:400%20regular%3A400%3Anormal&#8221; css=&#8221;.vc_custom_1600523483011{margin-top: 0px !important;margin-bottom: 0px !important;padding-top: 0px !important;padding-bottom: 0px !important;}&#8221;][\/vc_column][vc_column width=&#8221;1\/3&#8243;][vc_btn title=&#8221;ENVIAR MENSAJE&#8221; style=&#8221;outline-custom&#8221; outline_custom_color=&#8221;#ffffff&#8221; outline_custom_hover_background=&#8221;#ffffff&#8221; outline_custom_hover_text=&#8221;#4caf50&#8243; shape=&#8221;square&#8221; align=&#8221;right&#8221; link=&#8221;url:%23||&#8221;][\/vc_column][\/vc_row]<\/p>\n","protected":false},"excerpt":{"rendered":"<p>[vc_row full_width=&#8221;stretch_row&#8221; el_id=&#8221;rs-faq&#8221; css=&#8221;.vc_custom_1505540764532{padding-top: 65px !important;padding-bottom: 65px !important;background-color: #f9f9f9 !important;}&#8221;][vc_column width=&#8221;1\/2&#8243; css=&#8221;.vc_custom_1603993923463{padding-right: 65px !important;}&#8221;][vc_gallery interval=&#8221;3&#8243; images=&#8221;4885,4886,4887&#8243; img_size=&#8221;full&#8221;][\/vc_column][vc_column width=&#8221;1\/2&#8243;][vc_tta_accordion style=&#8221;outline&#8221; c_icon=&#8221;&#8221;&#8230;<\/p>\n","protected":false},"author":1,"featured_media":0,"parent":0,"menu_order":0,"comment_status":"closed","ping_status":"closed","template":"","meta":{"inline_featured_image":false,"footnotes":""},"class_list":["post-4883","page","type-page","status-publish","hentry"],"_links":{"self":[{"href":"https:\/\/sharppress.com.ar\/index.php\/wp-json\/wp\/v2\/pages\/4883","targetHints":{"allow":["GET"]}}],"collection":[{"href":"https:\/\/sharppress.com.ar\/index.php\/wp-json\/wp\/v2\/pages"}],"about":[{"href":"https:\/\/sharppress.com.ar\/index.php\/wp-json\/wp\/v2\/types\/page"}],"author":[{"embeddable":true,"href":"https:\/\/sharppress.com.ar\/index.php\/wp-json\/wp\/v2\/users\/1"}],"replies":[{"embeddable":true,"href":"https:\/\/sharppress.com.ar\/index.php\/wp-json\/wp\/v2\/comments?post=4883"}],"version-history":[{"count":3,"href":"https:\/\/sharppress.com.ar\/index.php\/wp-json\/wp\/v2\/pages\/4883\/revisions"}],"predecessor-version":[{"id":4889,"href":"https:\/\/sharppress.com.ar\/index.php\/wp-json\/wp\/v2\/pages\/4883\/revisions\/4889"}],"wp:attachment":[{"href":"https:\/\/sharppress.com.ar\/index.php\/wp-json\/wp\/v2\/media?parent=4883"}],"curies":[{"name":"wp","href":"https:\/\/api.w.org\/{rel}","templated":true}]}}