{"id":4766,"date":"2020-11-24T15:57:53","date_gmt":"2020-11-24T18:57:53","guid":{"rendered":"http:\/\/sharppress.com.ar\/index.php\/sharp-mx-c6070n-copy\/"},"modified":"2021-04-17T23:35:55","modified_gmt":"2021-04-18T02:35:55","slug":"sharp-mx-m316n","status":"publish","type":"page","link":"https:\/\/sharppress.com.ar\/index.php\/sharp-mx-m316n\/","title":{"rendered":"Sharp MX-M316N"},"content":{"rendered":"<p>[vc_row full_width=&#8221;stretch_row&#8221; el_id=&#8221;rs-faq&#8221; css=&#8221;.vc_custom_1505540764532{padding-top: 65px !important;padding-bottom: 65px !important;background-color: #f9f9f9 !important;}&#8221;][vc_column width=&#8221;1\/2&#8243; css=&#8221;.vc_custom_1603993923463{padding-right: 65px !important;}&#8221;]\r\n        <div class=\"sec-title  vc_custom_1606244307789 \">         \r\n            <h4 style=\"color:#e60012\">SHARP<\/h4>             \r\n            <h3 style=\"color:\">MULTIFUNCI\u00d3N MX-M316N<\/h3>        \r\n        <\/div>[vc_gallery interval=&#8221;3&#8243; images=&#8221;4772,4773,4774,4775,4776,4777,4778,4779,4780&#8243; img_size=&#8221;full&#8221;][\/vc_column][vc_column width=&#8221;1\/2&#8243;][vc_tta_accordion style=&#8221;outline&#8221; c_icon=&#8221;&#8221; active_section=&#8221;1&#8243;][vc_tta_section title=&#8221;DESCRIPCI\u00d3N&#8221; tab_id=&#8221;1603720704029-0b94059c-419a&#8221;][vc_column_text]<\/p>\n<div class=\"col-50\">\n<div class=\"col-50\">\n<p>El nuevo MX-M316N es un equipo multifuncional A3 monocromo que re\u00fane la potencia, el rendimiento y la productividad para peque\u00f1os entornos de oficina con una velocidad de impresi\u00f3n de 31 p\u00e1ginas por minuto (ppm).<\/p>\n<p>Esta impresora multifunci\u00f3n ha sido dise\u00f1ada para su m\u00e1xima eficiencia. Cuenta con un panel t\u00e1ctil LCD de 7&#8243; que ofrece vistas previas en miniatura (si est\u00e1 instalada la opci\u00f3n de disco duro). Adem\u00e1s de las funciones de impresi\u00f3n en red y copiado de alta calidad la MX-M316N tiene un alimentador de documentos de 100 hojas (RSPF) que permite a los usuarios escanear los documentos en color y copiar a 31 ppm incorpora d\u00faplex de serie lo que permite imprimir f\u00e1cilmente en ambas caras del papel. Adem\u00e1s dispone de una amplia gama de opciones que garantiza a los usuarios las caracter\u00edsticas necesarias para satisfacer sus necesidades, tales como capacidad de papel, fax y finalizador.<\/p>\n<p>La nueva MX-M316N cumple con las regulaciones ambientales, que incluye un tiempo de calentamiento r\u00e1pido y un modo de auto apagado\/encendido. En cuanto a la seguridad de los datos, dispone de una funci\u00f3n de inicializaci\u00f3n, borrado y cifrado de datos (si est\u00e1 instalado el kit de disco duro), as\u00ed como un kit de seguridad de datos.<\/p>\n<p>Con un tama\u00f1o compacto y un dise\u00f1o elegante, la MX-M316N encaja con el m\u00e1s moderno entorno de oficina.<\/p><\/div>\n<\/div>\n<p>[\/vc_column_text][\/vc_tta_section][vc_tta_section title=&#8221;ESPECIFICACIONES&#8221; tab_id=&#8221;1603890145136-2ec28b15-d5b0&#8243;][vc_column_text]<\/p>\n<ul class=\"list-keyfeatures\">\n<li class=\"list-group-item\">Impresora, copiadora, esc\u00e1ner y fax<\/li>\n<li class=\"list-group-item\">Velocidad: 31 cpm en monocromo<\/li>\n<li class=\"list-group-item\">Capacidad de papel: 1.100 hojas est\u00e1ndar y 2.100 hojas m\u00e1xima<\/li>\n<li class=\"list-group-item\">Impresi\u00f3n y esc\u00e1ner color en red de serie<\/li>\n<li class=\"list-group-item\">Alimentador RSPF y d\u00faplex de serie<\/li>\n<li class=\"list-group-item\">Finalizador interno opcional<\/li>\n<li class=\"list-group-item\">Panel t\u00e1ctil LCD color de 7&#8243; con previsualizaci\u00f3n<\/li>\n<li class=\"list-group-item\"><\/li>\n<\/ul>\n<p>[\/vc_column_text][\/vc_tta_section][\/vc_tta_accordion][\/vc_column][\/vc_row][vc_row full_width=&#8221;stretch_row&#8221; el_id=&#8221;rs-cta&#8221; el_class=&#8221;rs-cta&#8221; css=&#8221;.vc_custom_1511349801905{padding-top: 30px !important;padding-bottom: 35px !important;}&#8221;][vc_column width=&#8221;2\/3&#8243;][vc_custom_heading text=&#8221;\u00a1CONSULTANOS AHORA DESDE AC\u00c1!&#8221; font_container=&#8221;tag:h2|font_size:36px|text_align:left|color:%23ffffff&#8221; google_fonts=&#8221;font_family:Open%20Sans%3A300%2C300italic%2Cregular%2Citalic%2C600%2C600italic%2C700%2C700italic%2C800%2C800italic|font_style:400%20regular%3A400%3Anormal&#8221; css=&#8221;.vc_custom_1600523483011{margin-top: 0px !important;margin-bottom: 0px !important;padding-top: 0px !important;padding-bottom: 0px !important;}&#8221;][\/vc_column][vc_column width=&#8221;1\/3&#8243;][vc_btn title=&#8221;ENVIAR MENSAJE&#8221; style=&#8221;outline-custom&#8221; outline_custom_color=&#8221;#ffffff&#8221; outline_custom_hover_background=&#8221;#ffffff&#8221; outline_custom_hover_text=&#8221;#4caf50&#8243; shape=&#8221;square&#8221; align=&#8221;right&#8221; link=&#8221;url:%23||&#8221;][\/vc_column][\/vc_row]<\/p>\n","protected":false},"excerpt":{"rendered":"<p>[vc_row full_width=&#8221;stretch_row&#8221; el_id=&#8221;rs-faq&#8221; css=&#8221;.vc_custom_1505540764532{padding-top: 65px !important;padding-bottom: 65px !important;background-color: #f9f9f9 !important;}&#8221;][vc_column width=&#8221;1\/2&#8243; css=&#8221;.vc_custom_1603993923463{padding-right: 65px !important;}&#8221;][vc_gallery interval=&#8221;3&#8243; images=&#8221;4772,4773,4774,4775,4776,4777,4778,4779,4780&#8243; img_size=&#8221;full&#8221;][\/vc_column][vc_column width=&#8221;1\/2&#8243;][vc_tta_accordion style=&#8221;outline&#8221; c_icon=&#8221;&#8221;&#8230;<\/p>\n","protected":false},"author":1,"featured_media":0,"parent":0,"menu_order":0,"comment_status":"closed","ping_status":"closed","template":"","meta":{"inline_featured_image":false,"footnotes":""},"class_list":["post-4766","page","type-page","status-publish","hentry"],"_links":{"self":[{"href":"https:\/\/sharppress.com.ar\/index.php\/wp-json\/wp\/v2\/pages\/4766","targetHints":{"allow":["GET"]}}],"collection":[{"href":"https:\/\/sharppress.com.ar\/index.php\/wp-json\/wp\/v2\/pages"}],"about":[{"href":"https:\/\/sharppress.com.ar\/index.php\/wp-json\/wp\/v2\/types\/page"}],"author":[{"embeddable":true,"href":"https:\/\/sharppress.com.ar\/index.php\/wp-json\/wp\/v2\/users\/1"}],"replies":[{"embeddable":true,"href":"https:\/\/sharppress.com.ar\/index.php\/wp-json\/wp\/v2\/comments?post=4766"}],"version-history":[{"count":5,"href":"https:\/\/sharppress.com.ar\/index.php\/wp-json\/wp\/v2\/pages\/4766\/revisions"}],"predecessor-version":[{"id":4954,"href":"https:\/\/sharppress.com.ar\/index.php\/wp-json\/wp\/v2\/pages\/4766\/revisions\/4954"}],"wp:attachment":[{"href":"https:\/\/sharppress.com.ar\/index.php\/wp-json\/wp\/v2\/media?parent=4766"}],"curies":[{"name":"wp","href":"https:\/\/api.w.org\/{rel}","templated":true}]}}