{"id":4758,"date":"2020-11-24T11:12:04","date_gmt":"2020-11-24T14:12:04","guid":{"rendered":"http:\/\/sharppress.com.ar\/index.php\/sharp-mx-7580n-copy\/"},"modified":"2021-04-17T23:39:27","modified_gmt":"2021-04-18T02:39:27","slug":"sharp-mx-8090n","status":"publish","type":"page","link":"https:\/\/sharppress.com.ar\/index.php\/sharp-mx-8090n\/","title":{"rendered":"Sharp MX-8090N"},"content":{"rendered":"<p>[vc_row full_width=&#8221;stretch_row&#8221; el_id=&#8221;rs-faq&#8221; css=&#8221;.vc_custom_1505540764532{padding-top: 65px !important;padding-bottom: 65px !important;background-color: #f9f9f9 !important;}&#8221;][vc_column width=&#8221;1\/2&#8243; css=&#8221;.vc_custom_1603993923463{padding-right: 65px !important;}&#8221;]\r\n        <div class=\"sec-title  vc_custom_1606226912349 \">         \r\n            <h4 style=\"color:#e60012\">SHARP<\/h4>             \r\n            <h3 style=\"color:\">IMPRESORA DE PRODUCCI\u00d3N MX-7580n<\/h3>        \r\n        <\/div>[vc_gallery interval=&#8221;3&#8243; images=&#8221;4747,4748,4749,4750,4751,4752,4753,4754,4755,4756&#8243; img_size=&#8221;full&#8221;][\/vc_column][vc_column width=&#8221;1\/2&#8243;][vc_tta_accordion style=&#8221;outline&#8221; c_icon=&#8221;&#8221; active_section=&#8221;1&#8243;][vc_tta_section title=&#8221;DESCRIPCI\u00d3N&#8221; tab_id=&#8221;1603720704029-0b94059c-419a&#8221;][vc_column_text]<\/p>\n<div class=\"col-50\">\n<p>Los nuevos sistemas de documentos en color de producci\u00f3n ligera de la serie Pro MX-7090N y MX-8090N ofrecen tecnolog\u00eda probada, funciones premiadas y una calidad de imagen excepcional a velocidades de hasta 80 ppm. Creada pensando en el cliente, producir documentos de aspecto profesional nunca ha sido tan f\u00e1cil. Las organizaciones, grandes y peque\u00f1as, se beneficiar\u00e1n de la versatilidad de las opciones de entrada y salida disponibles. Las opciones que van desde la opci\u00f3n de manejo de papel con alimentaci\u00f3n de aire hasta el finalizador de folletos de producci\u00f3n que imprime folletos a sangrado completo de hasta 120 p\u00e1ginas, la Serie Pro pueden ayudar a su organizaci\u00f3n a producir m\u00e1s trabajos internamente, ahorrando tiempo y dinero.<\/p>\n<p>Estos nuevos modelos simplifican el flujo de trabajo como nunca antes con la gran pantalla t\u00e1ctil de 15,4 \u2033 (medida en diagonal) que utiliza la \u00faltima arquitectura de controlador y la interfaz de usuario intuitiva que Sharp tiene para ofrecer. Estos modelos tambi\u00e9n ofrecen la opci\u00f3n de tres potentes controladores de impresi\u00f3n, incluido el controlador de impresi\u00f3n Sharp est\u00e1ndar y dos servidores de impresi\u00f3n Fiery\u00ae opcionales que operan en las \u00faltimas plataformas FS300 Pro y FS300, lo que permite a los clientes elegir la opci\u00f3n adecuada para sus requisitos de flujo de trabajo.<\/p><\/div>\n<p>[\/vc_column_text][\/vc_tta_section][vc_tta_section title=&#8221;ESPECIFICACIONES&#8221; tab_id=&#8221;1603890145136-2ec28b15-d5b0&#8243;][vc_column_text]<\/p>\n<ul class=\"list-keyfeatures\">\n<li class=\"list-group-item\">El alimentador d\u00faplex de una sola pasada (DSPF) de 150 hojas escanea documentos a una velocidad de hasta 200 im\u00e1genes por minuto.<\/li>\n<li class=\"list-group-item\">Acceda f\u00e1cilmente a aplicaciones populares en la nube, como Microsoft\u00ae OneDrive\u00ae for Business, SharePoint\u00ae Online y Google Drive \u2122 con las funciones de Sharp Cloud Connect.<\/li>\n<li class=\"list-group-item\">El dise\u00f1o modular flexible ofrece una amplia variedad de configuraciones, desde la copia e impresi\u00f3n b\u00e1sicas de alta velocidad hasta el plegado y la creaci\u00f3n de folletos profesionales.<\/li>\n<li class=\"list-group-item\">Interfaz de usuario intuitiva de pr\u00f3xima generaci\u00f3n con gran pantalla t\u00e1ctil multiposici\u00f3n de 15,4 \u2033 (medida en diagonal) con teclado abatible.<\/li>\n<li class=\"list-group-item\">El sistema de consistencia de color de Sharp con control de proceso de imagen de pr\u00f3xima generaci\u00f3n ofrece una salida de color de alta calidad y mantiene un equilibrio de color y una densidad de t\u00f3ner \u00f3ptimos p\u00e1gina tras p\u00e1gina.<\/li>\n<li class=\"list-group-item\">La impresi\u00f3n real de 1200 x 1200 ppp proporciona im\u00e1genes hermosas y claridad mejorada para detalles finos, como texto y gr\u00e1ficos peque\u00f1os.<\/li>\n<li class=\"list-group-item\">La capacidad de papel de hasta 13.500 hojas admite soportes de hasta 110 lb. para portadas (300 g \/ m2) y una salida de hasta 13 \u2033 x 19 \u2033.<\/li>\n<\/ul>\n<p>[\/vc_column_text][\/vc_tta_section][\/vc_tta_accordion][\/vc_column][\/vc_row][vc_row full_width=&#8221;stretch_row&#8221; el_id=&#8221;rs-cta&#8221; el_class=&#8221;rs-cta&#8221; css=&#8221;.vc_custom_1511349801905{padding-top: 30px !important;padding-bottom: 35px !important;}&#8221;][vc_column width=&#8221;2\/3&#8243;][vc_custom_heading text=&#8221;\u00a1CONSULTANOS AHORA DESDE AC\u00c1!&#8221; font_container=&#8221;tag:h2|font_size:36px|text_align:left|color:%23ffffff&#8221; google_fonts=&#8221;font_family:Open%20Sans%3A300%2C300italic%2Cregular%2Citalic%2C600%2C600italic%2C700%2C700italic%2C800%2C800italic|font_style:400%20regular%3A400%3Anormal&#8221; css=&#8221;.vc_custom_1600523483011{margin-top: 0px !important;margin-bottom: 0px !important;padding-top: 0px !important;padding-bottom: 0px !important;}&#8221;][\/vc_column][vc_column width=&#8221;1\/3&#8243;][vc_btn title=&#8221;ENVIAR MENSAJE&#8221; style=&#8221;outline-custom&#8221; outline_custom_color=&#8221;#ffffff&#8221; outline_custom_hover_background=&#8221;#ffffff&#8221; outline_custom_hover_text=&#8221;#4caf50&#8243; shape=&#8221;square&#8221; align=&#8221;right&#8221; link=&#8221;url:%23||&#8221;][\/vc_column][\/vc_row]<\/p>\n","protected":false},"excerpt":{"rendered":"<p>[vc_row full_width=&#8221;stretch_row&#8221; el_id=&#8221;rs-faq&#8221; css=&#8221;.vc_custom_1505540764532{padding-top: 65px !important;padding-bottom: 65px !important;background-color: #f9f9f9 !important;}&#8221;][vc_column width=&#8221;1\/2&#8243; css=&#8221;.vc_custom_1603993923463{padding-right: 65px !important;}&#8221;][vc_gallery interval=&#8221;3&#8243; images=&#8221;4747,4748,4749,4750,4751,4752,4753,4754,4755,4756&#8243; img_size=&#8221;full&#8221;][\/vc_column][vc_column width=&#8221;1\/2&#8243;][vc_tta_accordion style=&#8221;outline&#8221; c_icon=&#8221;&#8221;&#8230;<\/p>\n","protected":false},"author":1,"featured_media":0,"parent":0,"menu_order":0,"comment_status":"closed","ping_status":"closed","template":"","meta":{"inline_featured_image":false,"footnotes":""},"class_list":["post-4758","page","type-page","status-publish","hentry"],"_links":{"self":[{"href":"https:\/\/sharppress.com.ar\/index.php\/wp-json\/wp\/v2\/pages\/4758","targetHints":{"allow":["GET"]}}],"collection":[{"href":"https:\/\/sharppress.com.ar\/index.php\/wp-json\/wp\/v2\/pages"}],"about":[{"href":"https:\/\/sharppress.com.ar\/index.php\/wp-json\/wp\/v2\/types\/page"}],"author":[{"embeddable":true,"href":"https:\/\/sharppress.com.ar\/index.php\/wp-json\/wp\/v2\/users\/1"}],"replies":[{"embeddable":true,"href":"https:\/\/sharppress.com.ar\/index.php\/wp-json\/wp\/v2\/comments?post=4758"}],"version-history":[{"count":4,"href":"https:\/\/sharppress.com.ar\/index.php\/wp-json\/wp\/v2\/pages\/4758\/revisions"}],"predecessor-version":[{"id":4962,"href":"https:\/\/sharppress.com.ar\/index.php\/wp-json\/wp\/v2\/pages\/4758\/revisions\/4962"}],"wp:attachment":[{"href":"https:\/\/sharppress.com.ar\/index.php\/wp-json\/wp\/v2\/media?parent=4758"}],"curies":[{"name":"wp","href":"https:\/\/api.w.org\/{rel}","templated":true}]}}