{"id":4742,"date":"2020-11-24T11:07:33","date_gmt":"2020-11-24T14:07:33","guid":{"rendered":"http:\/\/sharppress.com.ar\/index.php\/sharp-mx-m1205-copy\/"},"modified":"2021-04-17T23:39:21","modified_gmt":"2021-04-18T02:39:21","slug":"sharp-mx-7580n","status":"publish","type":"page","link":"https:\/\/sharppress.com.ar\/index.php\/sharp-mx-7580n\/","title":{"rendered":"Sharp MX-MX-7580N"},"content":{"rendered":"<p>[vc_row full_width=&#8221;stretch_row&#8221; el_id=&#8221;rs-faq&#8221; css=&#8221;.vc_custom_1505540764532{padding-top: 65px !important;padding-bottom: 65px !important;background-color: #f9f9f9 !important;}&#8221;][vc_column width=&#8221;1\/2&#8243; css=&#8221;.vc_custom_1603993923463{padding-right: 65px !important;}&#8221;]\r\n        <div class=\"sec-title  vc_custom_1606226912349 \">         \r\n            <h4 style=\"color:#e60012\">SHARP<\/h4>             \r\n            <h3 style=\"color:\">IMPRESORA DE PRODUCCI\u00d3N MX-7580n<\/h3>        \r\n        <\/div>[vc_gallery interval=&#8221;3&#8243; images=&#8221;4747,4748,4749,4750,4751,4752,4753,4754,4755,4756&#8243; img_size=&#8221;full&#8221;][\/vc_column][vc_column width=&#8221;1\/2&#8243;][vc_tta_accordion style=&#8221;outline&#8221; c_icon=&#8221;&#8221; active_section=&#8221;1&#8243;][vc_tta_section title=&#8221;DESCRIPCI\u00d3N&#8221; tab_id=&#8221;1603720704029-0b94059c-419a&#8221;][vc_column_text]<\/p>\n<div class=\"col-50\">\n<p>La nueva MFP A3 color MX-7580N es una MFP de alto rendimiento dise\u00f1ada para el entorno de oficina de gama alta que requiere un acabado profesional, sofisticado y un gran flujo de trabajo y alta productividad. Con una velocidad de 75 p\u00e1ginas por minuto en color y blanco y negro, una resoluci\u00f3n de 1200 x 1200 ppp, una velocidad de escaneado de 200 ipm (2 caras) y un DSPF con capacidad de 250 hojas. Esta MFP ofrece alta calidad, flexibilidad y fiabilidad mejorada. Con la opci\u00f3n de servidor de impresi\u00f3n Fiery incorporada, esta MFP se convierte en una soluci\u00f3n integrada de gran alcance para gestionar impresiones internas y profesionales. Caracter\u00edsticas como la interfaz de usuario dise\u00f1ada para una f\u00e1cil manejo, la capacidad de papel extra grande y tolva de t\u00f3ner intermedia &#8211; perfecta para largas tiradas y uso continuo durante el reemplazo del t\u00f3ner; Una impresionante gama de opciones de acabado profesional de gran volumen. La mejora de las soluciones de oficina y la protecci\u00f3n de redes y datos para compartir informaci\u00f3n segura, hace de la MX-7580N el equipo perfecto para cualquier oficina en la creaci\u00f3n de documentos de aspecto profesional gracias al funcionamiento sin esfuerzo y facilidad de uso.<\/p><\/div>\n<p>[\/vc_column_text][\/vc_tta_section][vc_tta_section title=&#8221;ESPECIFICACIONES&#8221; tab_id=&#8221;1603890145136-2ec28b15-d5b0&#8243;][vc_column_text]<\/p>\n<ul class=\"list-keyfeatures\">\n<li class=\"list-group-item\">Impresora, Copiadora, Esc\u00e1ner, Fax y Archivo Documental<\/li>\n<li class=\"list-group-item\">Velocidad: 75 c.p.m<\/li>\n<li class=\"list-group-item\">Capacidad de papel: 3.100 hojas est\u00e1ndar y 8.500 m\u00e1xima<\/li>\n<li class=\"list-group-item\">MFP de alta velocidad, alta productividad con una amplia variedad de opciones para acabados profesionales<\/li>\n<li class=\"list-group-item\">Panel t\u00e1ctil LCD color inclinable de 10.1\u201d con funcionalidad estilo tablet<\/li>\n<li class=\"list-group-item\">Alta calidad de imagen gracias al Developer Refresh System<\/li>\n<li class=\"list-group-item\">L\u00edderes en la industria del protecci\u00f3n del documento<\/li>\n<li class=\"list-group-item\">Servidor Fiery Embebido opcional<\/li>\n<li class=\"list-group-item\"><\/li>\n<\/ul>\n<p>[\/vc_column_text][\/vc_tta_section][\/vc_tta_accordion][\/vc_column][\/vc_row][vc_row full_width=&#8221;stretch_row&#8221; el_id=&#8221;rs-cta&#8221; el_class=&#8221;rs-cta&#8221; css=&#8221;.vc_custom_1511349801905{padding-top: 30px !important;padding-bottom: 35px !important;}&#8221;][vc_column width=&#8221;2\/3&#8243;][vc_custom_heading text=&#8221;\u00a1CONSULTANOS AHORA DESDE AC\u00c1!&#8221; font_container=&#8221;tag:h2|font_size:36px|text_align:left|color:%23ffffff&#8221; google_fonts=&#8221;font_family:Open%20Sans%3A300%2C300italic%2Cregular%2Citalic%2C600%2C600italic%2C700%2C700italic%2C800%2C800italic|font_style:400%20regular%3A400%3Anormal&#8221; css=&#8221;.vc_custom_1600523483011{margin-top: 0px !important;margin-bottom: 0px !important;padding-top: 0px !important;padding-bottom: 0px !important;}&#8221;][\/vc_column][vc_column width=&#8221;1\/3&#8243;][vc_btn title=&#8221;ENVIAR MENSAJE&#8221; style=&#8221;outline-custom&#8221; outline_custom_color=&#8221;#ffffff&#8221; outline_custom_hover_background=&#8221;#ffffff&#8221; outline_custom_hover_text=&#8221;#4caf50&#8243; shape=&#8221;square&#8221; align=&#8221;right&#8221; link=&#8221;url:%23||&#8221;][\/vc_column][\/vc_row]<\/p>\n","protected":false},"excerpt":{"rendered":"<p>[vc_row full_width=&#8221;stretch_row&#8221; el_id=&#8221;rs-faq&#8221; css=&#8221;.vc_custom_1505540764532{padding-top: 65px !important;padding-bottom: 65px !important;background-color: #f9f9f9 !important;}&#8221;][vc_column width=&#8221;1\/2&#8243; css=&#8221;.vc_custom_1603993923463{padding-right: 65px !important;}&#8221;][vc_gallery interval=&#8221;3&#8243; images=&#8221;4747,4748,4749,4750,4751,4752,4753,4754,4755,4756&#8243; img_size=&#8221;full&#8221;][\/vc_column][vc_column width=&#8221;1\/2&#8243;][vc_tta_accordion style=&#8221;outline&#8221; c_icon=&#8221;&#8221;&#8230;<\/p>\n","protected":false},"author":1,"featured_media":0,"parent":0,"menu_order":0,"comment_status":"closed","ping_status":"closed","template":"","meta":{"inline_featured_image":false,"footnotes":""},"class_list":["post-4742","page","type-page","status-publish","hentry"],"_links":{"self":[{"href":"https:\/\/sharppress.com.ar\/index.php\/wp-json\/wp\/v2\/pages\/4742","targetHints":{"allow":["GET"]}}],"collection":[{"href":"https:\/\/sharppress.com.ar\/index.php\/wp-json\/wp\/v2\/pages"}],"about":[{"href":"https:\/\/sharppress.com.ar\/index.php\/wp-json\/wp\/v2\/types\/page"}],"author":[{"embeddable":true,"href":"https:\/\/sharppress.com.ar\/index.php\/wp-json\/wp\/v2\/users\/1"}],"replies":[{"embeddable":true,"href":"https:\/\/sharppress.com.ar\/index.php\/wp-json\/wp\/v2\/comments?post=4742"}],"version-history":[{"count":5,"href":"https:\/\/sharppress.com.ar\/index.php\/wp-json\/wp\/v2\/pages\/4742\/revisions"}],"predecessor-version":[{"id":4961,"href":"https:\/\/sharppress.com.ar\/index.php\/wp-json\/wp\/v2\/pages\/4742\/revisions\/4961"}],"wp:attachment":[{"href":"https:\/\/sharppress.com.ar\/index.php\/wp-json\/wp\/v2\/media?parent=4742"}],"curies":[{"name":"wp","href":"https:\/\/api.w.org\/{rel}","templated":true}]}}