{"id":4669,"date":"2020-11-24T10:30:16","date_gmt":"2020-11-24T13:30:16","guid":{"rendered":"http:\/\/sharppress.com.ar\/index.php\/sharp-mx-c4070v-copy\/"},"modified":"2021-04-17T23:35:11","modified_gmt":"2021-04-18T02:35:11","slug":"sharp-mx-c6070n","status":"publish","type":"page","link":"https:\/\/sharppress.com.ar\/index.php\/sharp-mx-c6070n\/","title":{"rendered":"Sharp MX-6070N"},"content":{"rendered":"<p>[vc_row full_width=&#8221;stretch_row&#8221; el_id=&#8221;rs-faq&#8221; css=&#8221;.vc_custom_1505540764532{padding-top: 65px !important;padding-bottom: 65px !important;background-color: #f9f9f9 !important;}&#8221;][vc_column width=&#8221;1\/2&#8243; css=&#8221;.vc_custom_1603993923463{padding-right: 65px !important;}&#8221;]\r\n        <div class=\"sec-title  vc_custom_1606224712293 \">         \r\n            <h4 style=\"color:#e60012\">SHARP<\/h4>             \r\n            <h3 style=\"color:\">MULTIFUNCI\u00d3N MX-C6070n<\/h3>        \r\n        <\/div>[vc_gallery interval=&#8221;3&#8243; images=&#8221;4674,4675,4676,4677,4678,4679,4680,4681&#8243; img_size=&#8221;full&#8221;][\/vc_column][vc_column width=&#8221;1\/2&#8243;][vc_tta_accordion style=&#8221;outline&#8221; c_icon=&#8221;&#8221; active_section=&#8221;1&#8243;][vc_tta_section title=&#8221;DESCRIPCI\u00d3N&#8221; tab_id=&#8221;1603720704029-0b94059c-419a&#8221;][vc_column_text]<\/p>\n<div class=\"col-50\">\n<p>La nueva MFP color A3,MX-6070N, es una soluci\u00f3n mejorada que optimiza la productividad del grupo de trabajo en cualquier momento y en cualquier lugar. La firma \u00fanica permite el acceso a la nube, conectividad m\u00f3vil a trav\u00e9s de WiFi, USB para impresi\u00f3n directa de archivos de MS Office, OCR para escanear a PDF con b\u00fasqueda y escanear a Office proporciona flujos de trabajo flexibles. La funci\u00f3n Print Release est\u00e1ndar permite a los usuarios enviar y almacenar documentos a una impresora multifunci\u00f3n principal, que act\u00faa como un servidor. Los trabajos de impresi\u00f3n se pueden recuperar de forma segura en hasta cinco dispositivos de la red.<\/p>\n<p>Las caracter\u00edsticas tecnol\u00f3gicas incluyen un sensor de movimiento que detecta a los usuarios que se acercan para que la MFP se active desde el modo de suspensi\u00f3n y est\u00e9 lista para su funcionamiento. El panel LCD color de 10.1&#8243; ofrece la opci\u00f3n de arrastrar y soltar iconos favoritos para una f\u00e1cil personalizaci\u00f3n del panel de inicio y f\u00e1cil acceso a un manual de ayuda r\u00e1pida. la operaci\u00f3n diaria es simple e intuitiva; s\u00f3lo tiene que tocar para acceder al instante a cada funci\u00f3n, incluyendo una vista previa avanzada y navegaci\u00f3n web.<\/p>\n<p>Imprime y copia a una velocidad de 60 ppm en color y en monocromo, alimentador DSPF de 150 hojas de capacidad con una velocidad de escaneo de hasta 200 ipm. Dispone de la capacidad de reemplazar el t\u00f3ner y papel sin interrumpir la impresi\u00f3n o copia trabajo que nos ayudad a aumentar la eficiencia y la productividad. Una capacidad m\u00e1xima de papel de 6.300 hojas y medidas y gramaje de papel de hasta A3 + y 300 grs. Una variedad de opciones de acabado como el grapado, grapado manual y grapado sin grapa da una mayor versatilidad. Resoluci\u00f3n de 1.200 x 1.200 dpi nos muestra una gran calidad de la imagen, adem\u00e1s de control de proceso autom\u00e1tico nos asegura una calidad de imagen consistente.<\/p>\n<p>Certificada por Energy Star, la nueva MX-6070N utiliza la \u00faltima tecnolog\u00eda de ahorro de energ\u00eda de Sharp. Gracias al r\u00e1pido tiempo de calentamiento, bajo consumo de energ\u00eda y bajo valor TEC, permite ahorrar dinero y apoyar sus objetivos medioambientales. Adem\u00e1s, la funci\u00f3n autom\u00e1tica de expulsi\u00f3n del cartucho de t\u00f3ner asegura que todo el t\u00f3ner se ha consumido, ahorrando en recursos.<\/p><\/div>\n<p>[\/vc_column_text][\/vc_tta_section][vc_tta_section title=&#8221;ESPECIFICACIONES&#8221; tab_id=&#8221;1603890145136-2ec28b15-d5b0&#8243;][vc_column_text]<\/p>\n<ul class=\"list-keyfeatures\">\n<li class=\"list-group-item\">Impresora, copiadora, esc\u00e1ner, fax y archivo documental<\/li>\n<li class=\"list-group-item\">Velocidad: 60 cpm en color y monocromo<\/li>\n<li class=\"list-group-item\">Capacidad de papel: 650 hojas est\u00e1ndar y 6.300 m\u00e1xima<\/li>\n<li class=\"list-group-item\">Panel t\u00e1ctil LCD color personalizable de 10.1&#8243; con una interfaz sencilla que permite navegar de forma intuitiva por todas las funciones<\/li>\n<li class=\"list-group-item\">La funci\u00f3n Print Release, est\u00e1ndar de liberaci\u00f3n de la impresi\u00f3n, permite a los usuarios recuperar los trabajos de impresi\u00f3n de cualquier MFP de la red<\/li>\n<li class=\"list-group-item\">La autentificaci\u00f3n \u00fanica permite entrar a las aplicaciones de la nube<\/li>\n<li class=\"list-group-item\">El bajo tiempo de calentamiento y el sensor de movimiento, hacen que el dispositivo est\u00e9 siempre listo para su uso<\/li>\n<li class=\"list-group-item\">La funci\u00f3n OCR permite a los usuarios generar ficheros MS Office files (pptx, xlsx, docx) y PDFs buscables<\/li>\n<li class=\"list-group-item\"><\/li>\n<\/ul>\n<p>[\/vc_column_text][\/vc_tta_section][\/vc_tta_accordion][\/vc_column][\/vc_row][vc_row full_width=&#8221;stretch_row&#8221; el_id=&#8221;rs-cta&#8221; el_class=&#8221;rs-cta&#8221; css=&#8221;.vc_custom_1511349801905{padding-top: 30px !important;padding-bottom: 35px !important;}&#8221;][vc_column width=&#8221;2\/3&#8243;][vc_custom_heading text=&#8221;\u00a1CONSULTANOS AHORA DESDE AC\u00c1!&#8221; font_container=&#8221;tag:h2|font_size:36px|text_align:left|color:%23ffffff&#8221; google_fonts=&#8221;font_family:Open%20Sans%3A300%2C300italic%2Cregular%2Citalic%2C600%2C600italic%2C700%2C700italic%2C800%2C800italic|font_style:400%20regular%3A400%3Anormal&#8221; css=&#8221;.vc_custom_1600523483011{margin-top: 0px !important;margin-bottom: 0px !important;padding-top: 0px !important;padding-bottom: 0px !important;}&#8221;][\/vc_column][vc_column width=&#8221;1\/3&#8243;][vc_btn title=&#8221;ENVIAR MENSAJE&#8221; style=&#8221;outline-custom&#8221; outline_custom_color=&#8221;#ffffff&#8221; outline_custom_hover_background=&#8221;#ffffff&#8221; outline_custom_hover_text=&#8221;#4caf50&#8243; shape=&#8221;square&#8221; align=&#8221;right&#8221; link=&#8221;url:%23||&#8221;][\/vc_column][\/vc_row]<\/p>\n","protected":false},"excerpt":{"rendered":"<p>[vc_row full_width=&#8221;stretch_row&#8221; el_id=&#8221;rs-faq&#8221; css=&#8221;.vc_custom_1505540764532{padding-top: 65px !important;padding-bottom: 65px !important;background-color: #f9f9f9 !important;}&#8221;][vc_column width=&#8221;1\/2&#8243; css=&#8221;.vc_custom_1603993923463{padding-right: 65px !important;}&#8221;][vc_gallery interval=&#8221;3&#8243; images=&#8221;4674,4675,4676,4677,4678,4679,4680,4681&#8243; img_size=&#8221;full&#8221;][\/vc_column][vc_column width=&#8221;1\/2&#8243;][vc_tta_accordion style=&#8221;outline&#8221; c_icon=&#8221;&#8221;&#8230;<\/p>\n","protected":false},"author":1,"featured_media":0,"parent":0,"menu_order":0,"comment_status":"closed","ping_status":"closed","template":"","meta":{"inline_featured_image":false,"footnotes":""},"class_list":["post-4669","page","type-page","status-publish","hentry"],"_links":{"self":[{"href":"https:\/\/sharppress.com.ar\/index.php\/wp-json\/wp\/v2\/pages\/4669","targetHints":{"allow":["GET"]}}],"collection":[{"href":"https:\/\/sharppress.com.ar\/index.php\/wp-json\/wp\/v2\/pages"}],"about":[{"href":"https:\/\/sharppress.com.ar\/index.php\/wp-json\/wp\/v2\/types\/page"}],"author":[{"embeddable":true,"href":"https:\/\/sharppress.com.ar\/index.php\/wp-json\/wp\/v2\/users\/1"}],"replies":[{"embeddable":true,"href":"https:\/\/sharppress.com.ar\/index.php\/wp-json\/wp\/v2\/comments?post=4669"}],"version-history":[{"count":5,"href":"https:\/\/sharppress.com.ar\/index.php\/wp-json\/wp\/v2\/pages\/4669\/revisions"}],"predecessor-version":[{"id":4952,"href":"https:\/\/sharppress.com.ar\/index.php\/wp-json\/wp\/v2\/pages\/4669\/revisions\/4952"}],"wp:attachment":[{"href":"https:\/\/sharppress.com.ar\/index.php\/wp-json\/wp\/v2\/media?parent=4669"}],"curies":[{"name":"wp","href":"https:\/\/api.w.org\/{rel}","templated":true}]}}