{"id":4654,"date":"2020-11-24T10:08:46","date_gmt":"2020-11-24T13:08:46","guid":{"rendered":"http:\/\/sharppress.com.ar\/index.php\/sharp-mx-c3070v-copy\/"},"modified":"2021-04-17T23:35:18","modified_gmt":"2021-04-18T02:35:18","slug":"sharp-mx-c4070v","status":"publish","type":"page","link":"https:\/\/sharppress.com.ar\/index.php\/sharp-mx-c4070v\/","title":{"rendered":"Sharp MX-MX-4070V"},"content":{"rendered":"<p>[vc_row full_width=&#8221;stretch_row&#8221; el_id=&#8221;rs-faq&#8221; css=&#8221;.vc_custom_1505540764532{padding-top: 65px !important;padding-bottom: 65px !important;background-color: #f9f9f9 !important;}&#8221;][vc_column width=&#8221;1\/2&#8243; css=&#8221;.vc_custom_1603993923463{padding-right: 65px !important;}&#8221;]\r\n        <div class=\"sec-title  vc_custom_1606224449217 \">         \r\n            <h4 style=\"color:#e60012\">SHARP<\/h4>             \r\n            <h3 style=\"color:\">MULTIFUNCI\u00d3N MX-C4070V<\/h3>        \r\n        <\/div>[vc_gallery interval=&#8221;3&#8243; images=&#8221;4658,4659,4660,4661,4662,4663,4664,4665,4666,4667&#8243; img_size=&#8221;full&#8221;][\/vc_column][vc_column width=&#8221;1\/2&#8243;][vc_tta_accordion style=&#8221;outline&#8221; c_icon=&#8221;&#8221; active_section=&#8221;1&#8243;][vc_tta_section title=&#8221;DESCRIPCI\u00d3N&#8221; tab_id=&#8221;1603720704029-0b94059c-419a&#8221;][vc_column_text]<\/p>\n<div class=\"col-50\">\n<p>El dispositivo de color A3 MX-4070V es una impresora multifunci\u00f3n centrada en la soluci\u00f3n mejorada que optimiza la productividad del grupo de trabajo en cualquier momento y en cualquier lugar. La autentificaci\u00f3n \u00fanica, conectividad nube, la conectividad m\u00f3vil a trav\u00e9s de WiFi, impression desde USB de archivos de MS Office y OCR para escanear a PDF de b\u00fasqueda, proporciona a la oficina flujos de trabajo flexibles. La funci\u00f3n Print Release est\u00e1ndar permite a los usuarios enviar y almacenar documentos a una impresora multifunci\u00f3n principal, que act\u00faa como un servidor. Los trabajos de impresi\u00f3n pueden impresos de forma segura en hasta cinco dispositivos conectados.<\/p>\n<p><strong>Caracter\u00edsticas tecnol\u00f3gicas avanzadas<\/strong> que incluyen un sensor de movimiento que detecta los usuarios que se acercan para que la MFP se active desde el modo de suspensi\u00f3n y est\u00e9 lista para su funcionamiento inmediato. Un panel t\u00e1ctil de 10.1&#8243; color LCD, inclinable, ofrece la opci\u00f3n de arrastrar y soltar iconos favoritos para un f\u00e1cil personalizaci\u00f3n de la p\u00e1gina de inicio y de f\u00e1cil acceso al manual de ayuda. Las operaciones diarias son simples e intuitivas; s\u00f3lo tiene que tocar, y difundir a cada servicio, funci\u00f3n y composici\u00f3n incluyendo una vista previa avanzada y navegaci\u00f3n web.<\/p>\n<p>Con velocidades de impresi\u00f3n y copia de 40 ppm en color y blanco y negro, un alimentador DSPF de 150 hojas y una velocidad de escaneo de 200 ipm, ayudan a aumentar la eficiencia y la productividad. Una capacidad m\u00e1xima de papel de 6.300 hojas y papel de hasta SRA3 + y 300 gsm habilitan a este dispositivo para manejar sus requisitos de salida variados con facilidad. Una variedad de opciones de acabado como el grapado, grapado manual y el grapado sin grapas. Resoluci\u00f3n de 1.200 x 1.200 dpi de calidad de imagen, adem\u00e1s de control de proceso autom\u00e1tico y sistema de actualizaci\u00f3n de desarrolladores aseguran una calidad de imagen consistente alta.<\/p>\n<p>El certificado de Energy Star nos indica que la MX-4070V utiliza la \u00faltima tecnolog\u00eda de ahorro de energ\u00eda de Sharp. Un r\u00e1pido tiempo de calentamiento, bajo consumo de energ\u00eda y bajo valor TEC todas tienen como objetivo ahorrar dinero y apoyar sus objetivos medioambientales. Adem\u00e1s, la funci\u00f3n autom\u00e1tica de t\u00f3ner del cartucho de expulsi\u00f3n asegura que todo el t\u00f3ner se ha consumido, por lo tanto, ahorro de recursos.<\/p><\/div>\n<p>[\/vc_column_text][\/vc_tta_section][vc_tta_section title=&#8221;ESPECIFICACIONES&#8221; tab_id=&#8221;1603890145136-2ec28b15-d5b0&#8243;][vc_column_text]<\/p>\n<ul class=\"list-keyfeatures\">\n<li class=\"list-group-item\">Impresora, Copiadora, Esc\u00e1ner, Fax y Archivo Documental<\/li>\n<li class=\"list-group-item\">Velocidad: 40 cpm en Color y monocromo<\/li>\n<li class=\"list-group-item\">Capacidad de papel: 650 hojas est\u00e1ndar y 6.300 hojas m\u00e1xima<\/li>\n<li class=\"list-group-item\">Panel t\u00e1ctil personalizable de 10.1&#8243; inclinable LCD color con navegaci\u00f3n intuitiva por todas las funciones y f\u00e1cil interfaz de usuario<\/li>\n<li class=\"list-group-item\">La funci\u00f3n Print Release permite al usuario enviar y almacenar los trabajos en una MFP principal y recogerlos de forma segura hasta en 5 impresoras de la red<\/li>\n<li class=\"list-group-item\">Autentificaci\u00f3n \u00fanica para todos las aplicaciones de la Nube<\/li>\n<li class=\"list-group-item\">Bajo tiempo de calentamiento y detector de movimiento nos permite tener la m\u00e1quina siempre lista<\/li>\n<li class=\"list-group-item\"><strong>Siempre lista.<\/strong> El OCR permite a los usuarios convertir documentos escaneados en ficheros MS Office files (pptx, xlsx, docx) y PDFs buscables<\/li>\n<li class=\"list-group-item\"><\/li>\n<\/ul>\n<p>[\/vc_column_text][\/vc_tta_section][\/vc_tta_accordion][\/vc_column][\/vc_row][vc_row full_width=&#8221;stretch_row&#8221; el_id=&#8221;rs-cta&#8221; el_class=&#8221;rs-cta&#8221; css=&#8221;.vc_custom_1511349801905{padding-top: 30px !important;padding-bottom: 35px !important;}&#8221;][vc_column width=&#8221;2\/3&#8243;][vc_custom_heading text=&#8221;\u00a1CONSULTANOS AHORA DESDE AC\u00c1!&#8221; font_container=&#8221;tag:h2|font_size:36px|text_align:left|color:%23ffffff&#8221; google_fonts=&#8221;font_family:Open%20Sans%3A300%2C300italic%2Cregular%2Citalic%2C600%2C600italic%2C700%2C700italic%2C800%2C800italic|font_style:400%20regular%3A400%3Anormal&#8221; css=&#8221;.vc_custom_1600523483011{margin-top: 0px !important;margin-bottom: 0px !important;padding-top: 0px !important;padding-bottom: 0px !important;}&#8221;][\/vc_column][vc_column width=&#8221;1\/3&#8243;][vc_btn title=&#8221;ENVIAR MENSAJE&#8221; style=&#8221;outline-custom&#8221; outline_custom_color=&#8221;#ffffff&#8221; outline_custom_hover_background=&#8221;#ffffff&#8221; outline_custom_hover_text=&#8221;#4caf50&#8243; shape=&#8221;square&#8221; align=&#8221;right&#8221; link=&#8221;url:%23||&#8221;][\/vc_column][\/vc_row]<\/p>\n","protected":false},"excerpt":{"rendered":"<p>[vc_row full_width=&#8221;stretch_row&#8221; el_id=&#8221;rs-faq&#8221; css=&#8221;.vc_custom_1505540764532{padding-top: 65px !important;padding-bottom: 65px !important;background-color: #f9f9f9 !important;}&#8221;][vc_column width=&#8221;1\/2&#8243; css=&#8221;.vc_custom_1603993923463{padding-right: 65px !important;}&#8221;][vc_gallery interval=&#8221;3&#8243; images=&#8221;4658,4659,4660,4661,4662,4663,4664,4665,4666,4667&#8243; img_size=&#8221;full&#8221;][\/vc_column][vc_column width=&#8221;1\/2&#8243;][vc_tta_accordion style=&#8221;outline&#8221; c_icon=&#8221;&#8221;&#8230;<\/p>\n","protected":false},"author":1,"featured_media":0,"parent":0,"menu_order":0,"comment_status":"closed","ping_status":"closed","template":"","meta":{"inline_featured_image":false,"footnotes":""},"class_list":["post-4654","page","type-page","status-publish","hentry"],"_links":{"self":[{"href":"https:\/\/sharppress.com.ar\/index.php\/wp-json\/wp\/v2\/pages\/4654","targetHints":{"allow":["GET"]}}],"collection":[{"href":"https:\/\/sharppress.com.ar\/index.php\/wp-json\/wp\/v2\/pages"}],"about":[{"href":"https:\/\/sharppress.com.ar\/index.php\/wp-json\/wp\/v2\/types\/page"}],"author":[{"embeddable":true,"href":"https:\/\/sharppress.com.ar\/index.php\/wp-json\/wp\/v2\/users\/1"}],"replies":[{"embeddable":true,"href":"https:\/\/sharppress.com.ar\/index.php\/wp-json\/wp\/v2\/comments?post=4654"}],"version-history":[{"count":5,"href":"https:\/\/sharppress.com.ar\/index.php\/wp-json\/wp\/v2\/pages\/4654\/revisions"}],"predecessor-version":[{"id":4953,"href":"https:\/\/sharppress.com.ar\/index.php\/wp-json\/wp\/v2\/pages\/4654\/revisions\/4953"}],"wp:attachment":[{"href":"https:\/\/sharppress.com.ar\/index.php\/wp-json\/wp\/v2\/media?parent=4654"}],"curies":[{"name":"wp","href":"https:\/\/api.w.org\/{rel}","templated":true}]}}