{"id":4355,"date":"2020-11-02T15:20:21","date_gmt":"2020-11-02T18:20:21","guid":{"rendered":"http:\/\/sharppress.com.ar\/?page_id=4355"},"modified":"2021-04-17T23:34:47","modified_gmt":"2021-04-18T02:34:47","slug":"sharp-mx-c300a","status":"publish","type":"page","link":"https:\/\/sharppress.com.ar\/index.php\/sharp-mx-c300a\/","title":{"rendered":"Sharp MX-C300A"},"content":{"rendered":"<p>[vc_row full_width=&#8221;stretch_row&#8221; el_id=&#8221;rs-faq&#8221; css=&#8221;.vc_custom_1505540764532{padding-top: 65px !important;padding-bottom: 65px !important;background-color: #f9f9f9 !important;}&#8221;][vc_column width=&#8221;1\/2&#8243; css=&#8221;.vc_custom_1603993923463{padding-right: 65px !important;}&#8221;]\r\n        <div class=\"sec-title  vc_custom_1605797142749 \">         \r\n            <h4 style=\"color:#e60012\">SHARP<\/h4>             \r\n            <h3 style=\"color:\">MULTIFUNCI\u00d3N MX-C300A<\/h3>        \r\n        <\/div>[vc_gallery interval=&#8221;3&#8243; images=&#8221;4495,4496,4497,4498,4499,4500,4501,4502&#8243; img_size=&#8221;full&#8221;][\/vc_column][vc_column width=&#8221;1\/2&#8243;][vc_tta_accordion style=&#8221;outline&#8221; c_icon=&#8221;&#8221; active_section=&#8221;1&#8243;][vc_tta_section title=&#8221;DESCRIPCI\u00d3N&#8221; tab_id=&#8221;1603720704029-0b94059c-419a&#8221;][vc_column_text]La nueva MX-C300W es una impresora multifunci\u00f3n 4 en 1 color que ofrece una serie de caracter\u00edsticas de productividad y funcionalidad requeridos por cualquier grupo de trabajo peque\u00f1os y medianos o grandes oficinas que requieren una impresora multifunci\u00f3n de escritorio. Con su poderosa impresi\u00f3n, copia, escaneado y fax de serie es ideal para manejar las demandas de flujo de trabajo de todos los d\u00edas de cualquier entorno de grupo de trabajo peque\u00f1o; y gracias a su dise\u00f1o compacto que puede encajar en cualquier espacio. La nueva MX-C300W tiene una velocidad de salida de hasta 30 ppm tanto en Color como en B\/N y con la impresi\u00f3n autom\u00e1tica a doble cara puede producir documentos profesionales de alta calidad en 600 x 600 ppp \u2013 adem\u00e1s con el panel de control LCD con teclas de funci\u00f3n y el sistema de desarrollo de dos componentes que ofrece una calidad impresionante. Escaneado en red a todo color es est\u00e1ndar con escaneo a correo electr\u00f3nico, carpeta de red y FTP para acelerar las comunicaciones. La clasificaci\u00f3n electr\u00f3nica ayuda a mejorar la productividad y un puerto USB hace que el escaneo a impresi\u00f3n \/ directa del USB f\u00e1cil. Tambi\u00e9n puede conectar la MX-C300W a una red inal\u00e1mbrica e imprimir de forma inal\u00e1mbrica desde su smartphone o tableta. Otras funciones \u00fatiles incluyen fax (con PC-Fax y enrutamiento de entrada para enviar correos electr\u00f3nicos a su destino correcto) y copia de tarjeta ID. Dise\u00f1ado con un bajo consumo y un corto tiempo de calentamiento, esta m\u00e1quina es amable con el medio ambiente tambi\u00e9n; optimizando el uso del t\u00f3ner con el modo de ahorro de t\u00f3ner y tambi\u00e9n cumplir con los \u00faltimos criterios de Energy Star.[\/vc_column_text][\/vc_tta_section][vc_tta_section title=&#8221;ESPECIFICACIONES&#8221; tab_id=&#8221;1603890145136-2ec28b15-d5b0&#8243;][vc_column_text]<\/p>\n<ul>\n<li class=\"to-list with-icon\">Impresora, copiadora, esc\u00e1ner y fax.<\/li>\n<li class=\"to-list with-icon\"><i class=\"to-icon general-checkbox pull-left\"><\/i>P\u00e1ginas por minuto: 30 B\/N, 30 Color.<\/li>\n<li class=\"to-list with-icon\"><i class=\"to-icon general-checkbox pull-left\"><\/i>Capacidad de papel: 300 hojas est\u00e1ndar y 800 hojas m\u00e1xima.<\/li>\n<li class=\"to-list with-icon\"><i class=\"to-icon general-checkbox pull-left\"><\/i>MFP A4 compacta y de dise\u00f1o inteligente.<\/li>\n<li class=\"to-list with-icon\"><i class=\"to-icon general-checkbox pull-left\"><\/i>Alta calidad de impresi\u00f3n de 600 x 600 dpi.<\/li>\n<li class=\"to-list with-icon\"><i class=\"to-icon general-checkbox pull-left\"><\/i>Alimentador RSPF.<\/li>\n<li class=\"to-list with-icon\"><i class=\"to-icon general-checkbox pull-left\"><\/i>Puerto USB para poder escanear e imprimir de forma sencilla y r\u00e1pida.<\/li>\n<li class=\"to-list with-icon\"><i class=\"to-icon general-checkbox pull-left\"><\/i>Wireless LAN de serie.<\/li>\n<\/ul>\n<p>[\/vc_column_text][\/vc_tta_section][\/vc_tta_accordion][\/vc_column][\/vc_row][vc_row full_width=&#8221;stretch_row&#8221; el_id=&#8221;rs-cta&#8221; el_class=&#8221;rs-cta&#8221; css=&#8221;.vc_custom_1511349801905{padding-top: 30px !important;padding-bottom: 35px !important;}&#8221;][vc_column width=&#8221;2\/3&#8243;][vc_custom_heading text=&#8221;\u00a1CONSULTANOS AHORA DESDE AC\u00c1!&#8221; font_container=&#8221;tag:h2|font_size:36px|text_align:left|color:%23ffffff&#8221; google_fonts=&#8221;font_family:Open%20Sans%3A300%2C300italic%2Cregular%2Citalic%2C600%2C600italic%2C700%2C700italic%2C800%2C800italic|font_style:400%20regular%3A400%3Anormal&#8221; css=&#8221;.vc_custom_1600523483011{margin-top: 0px !important;margin-bottom: 0px !important;padding-top: 0px !important;padding-bottom: 0px !important;}&#8221;][\/vc_column][vc_column width=&#8221;1\/3&#8243;][vc_btn title=&#8221;ENVIAR MENSAJE&#8221; style=&#8221;outline-custom&#8221; outline_custom_color=&#8221;#ffffff&#8221; outline_custom_hover_background=&#8221;#ffffff&#8221; outline_custom_hover_text=&#8221;#4caf50&#8243; shape=&#8221;square&#8221; align=&#8221;right&#8221; link=&#8221;url:%23||&#8221;][\/vc_column][\/vc_row]<\/p>\n","protected":false},"excerpt":{"rendered":"<p>[vc_row full_width=&#8221;stretch_row&#8221; el_id=&#8221;rs-faq&#8221; css=&#8221;.vc_custom_1505540764532{padding-top: 65px !important;padding-bottom: 65px !important;background-color: #f9f9f9 !important;}&#8221;][vc_column width=&#8221;1\/2&#8243; css=&#8221;.vc_custom_1603993923463{padding-right: 65px !important;}&#8221;][vc_gallery interval=&#8221;3&#8243; images=&#8221;4495,4496,4497,4498,4499,4500,4501,4502&#8243; img_size=&#8221;full&#8221;][\/vc_column][vc_column width=&#8221;1\/2&#8243;][vc_tta_accordion style=&#8221;outline&#8221; c_icon=&#8221;&#8221;&#8230;<\/p>\n","protected":false},"author":1,"featured_media":0,"parent":0,"menu_order":0,"comment_status":"closed","ping_status":"closed","template":"","meta":{"inline_featured_image":false,"footnotes":""},"class_list":["post-4355","page","type-page","status-publish","hentry"],"_links":{"self":[{"href":"https:\/\/sharppress.com.ar\/index.php\/wp-json\/wp\/v2\/pages\/4355","targetHints":{"allow":["GET"]}}],"collection":[{"href":"https:\/\/sharppress.com.ar\/index.php\/wp-json\/wp\/v2\/pages"}],"about":[{"href":"https:\/\/sharppress.com.ar\/index.php\/wp-json\/wp\/v2\/types\/page"}],"author":[{"embeddable":true,"href":"https:\/\/sharppress.com.ar\/index.php\/wp-json\/wp\/v2\/users\/1"}],"replies":[{"embeddable":true,"href":"https:\/\/sharppress.com.ar\/index.php\/wp-json\/wp\/v2\/comments?post=4355"}],"version-history":[{"count":18,"href":"https:\/\/sharppress.com.ar\/index.php\/wp-json\/wp\/v2\/pages\/4355\/revisions"}],"predecessor-version":[{"id":4949,"href":"https:\/\/sharppress.com.ar\/index.php\/wp-json\/wp\/v2\/pages\/4355\/revisions\/4949"}],"wp:attachment":[{"href":"https:\/\/sharppress.com.ar\/index.php\/wp-json\/wp\/v2\/media?parent=4355"}],"curies":[{"name":"wp","href":"https:\/\/api.w.org\/{rel}","templated":true}]}}